{"id":24,"date":"2022-10-20T20:30:15","date_gmt":"2022-10-20T18:30:15","guid":{"rendered":"https:\/\/yumyum-records.com\/?page_id=24"},"modified":"2022-10-24T20:19:10","modified_gmt":"2022-10-24T18:19:10","slug":"mentions-legales","status":"publish","type":"page","link":"https:\/\/yumyum-records.com\/fr\/mentions-legales\/","title":{"rendered":"Mentions L\u00e9gales"},"content":{"rendered":"<p><strong>Le site \u00ab www.yumyum-records.com \u00bb est une publication de YUM YUM RECORDS, 19 route de Morillon, 33360 Camblanes-et-Meynac<\/strong><\/p>\n<p>Pour toute demande concernant un produit ou service, pour toutes suggestions, informations, r\u00e9actions, r\u00e9clamations concernant ce site,&nbsp;contactez-nous.<\/p>\n<p>L\u2019ensemble des onglets commerciaux pr\u00e9sents sur&nbsp;yumyum-records.com sont \u00e9dit\u00e9s par YUM YUM RECORDS inscrite au RCS de Bordeaux sous le num\u00e9ro B 800 176 240 \u2013 Si\u00e8ge social : 19 route de Morillon, 33360 Camblanes-et-Meynac.<br \/>\nN\u00b0 de TVA intracommunautaire : FR86800176240<br \/>\nH\u00e9bergeur : OVH \u2013 Si\u00e8ge social : 2 rue Kellermann, 59100 Roubaix, France \u2013 RCS Lille M\u00e9tropole 424 761 419 00045<\/p>\n<p>&nbsp;<\/p>\n<p><strong>Sites et pages YUM YUM RECORDS des r\u00e9seaux sociaux<\/strong><\/p>\n<p>Les sites ou pages YUM YUM RECORDS des r\u00e9seaux sociaux (tels que Facebook, Twitter, Instagram, Pinterest) sont \u00e9dit\u00e9s par YUM YUM RECORDS.<\/p>\n<p>RCS de Bordeaux sous le num\u00e9ro B 800 176 240<br \/>\nSi\u00e8ge social : 19 route de Morillon, 33360 Camblanes-et-Meynac<br \/>\nN\u00b0 de TVA intracommunautaire : FR86800176240<br \/>\nDirecteur de la publication : R\u00e9gine Mercier<\/p>\n<p>&nbsp;<\/p>\n<p><strong>Copyright YUM YUM RECORDS \u2013 2022 \u2013 Tous droits d\u2019auteur des textes et \u0153uvres r\u00e9serv\u00e9es<\/strong><\/p>\n<p>YUM YUM RECORDS ne garantit en aucune fa\u00e7on, l\u2019exactitude, la pr\u00e9cision, ou l\u2019exhaustivit\u00e9 des informations mises \u00e0 disposition sur son site internet, y compris l\u2019ensemble des liens hypertextes ou toute autre liaison informatique utilis\u00e9es, directement ou indirectement, \u00e0 partir de son site.<\/p>\n<p>Le site internet est prot\u00e9g\u00e9 par le droit d\u2019auteur. L\u2019usage de tout ou partie du site, notamment par t\u00e9l\u00e9chargements, reproductions, transmissions ou repr\u00e9sentations sur tous supports et par tous proc\u00e9d\u00e9s, \u00e0 d\u2019autres fins que pour usage personnel et priv\u00e9 dans un but non commercial, est strictement interdit.<\/p>\n<p>Les d\u00e9nominations sociales, marques et signes distinctifs reproduits sur les sites sont \u00e9galement prot\u00e9g\u00e9s au titre du droit des marques. La reproduction ou la repr\u00e9sentation de tout ou partie des signes distinctifs doit faire l\u2019objet d\u2019une autorisation \u00e9crite pr\u00e9alable des titulaires des marques et signes.<\/p>\n<p>De fait toute reproduction ou repr\u00e9sentation non autoris\u00e9e de marques, logos, dessins, mod\u00e8les, \u0153uvres litt\u00e9raires, musicales, audiovisuelles, photographiques et plus g\u00e9n\u00e9ralement de tout \u00e9l\u00e9ment susceptible d\u2019\u00eatre prot\u00e9g\u00e9s par un droit de propri\u00e9t\u00e9 intellectuelle accessibles sur le site internet est interdite et constituerait une contrefa\u00e7on on au sens des articles L.335-2 et suivants du Code de la Propri\u00e9t\u00e9 Intellectuelle, \u00e0 moins que cette reproduction ou repr\u00e9sentation ne soit exclusivement r\u00e9serv\u00e9 \u00e0 un usage strictement personnel et priv\u00e9.<\/p>","protected":false},"excerpt":{"rendered":"<p>Le site \u00ab www.yumyum-records.com \u00bb est une publication de YUM YUM RECORDS, 19 route de Morillon, 33360 Camblanes-et-Meynac Pour toute demande concernant un produit ou service, pour toutes suggestions, informations, r\u00e9actions, r\u00e9clamations concernant ce site,&nbsp;contactez-nous. L\u2019ensemble des onglets commerciaux pr\u00e9sents sur&nbsp;yumyum-records.com sont \u00e9dit\u00e9s par YUM YUM RECORDS inscrite au RCS de Bordeaux sous le num\u00e9ro [&hellip;]<\/p>\n","protected":false},"author":1,"featured_media":0,"parent":0,"menu_order":9,"comment_status":"closed","ping_status":"closed","template":"page-legal.php","meta":{"footnotes":""},"class_list":["post-24","page","type-page","status-publish","hentry"],"acf":[],"_links":{"self":[{"href":"https:\/\/yumyum-records.com\/fr\/wp-json\/wp\/v2\/pages\/24","targetHints":{"allow":["GET"]}}],"collection":[{"href":"https:\/\/yumyum-records.com\/fr\/wp-json\/wp\/v2\/pages"}],"about":[{"href":"https:\/\/yumyum-records.com\/fr\/wp-json\/wp\/v2\/types\/page"}],"author":[{"embeddable":true,"href":"https:\/\/yumyum-records.com\/fr\/wp-json\/wp\/v2\/users\/1"}],"replies":[{"embeddable":true,"href":"https:\/\/yumyum-records.com\/fr\/wp-json\/wp\/v2\/comments?post=24"}],"version-history":[{"count":3,"href":"https:\/\/yumyum-records.com\/fr\/wp-json\/wp\/v2\/pages\/24\/revisions"}],"predecessor-version":[{"id":78,"href":"https:\/\/yumyum-records.com\/fr\/wp-json\/wp\/v2\/pages\/24\/revisions\/78"}],"wp:attachment":[{"href":"https:\/\/yumyum-records.com\/fr\/wp-json\/wp\/v2\/media?parent=24"}],"curies":[{"name":"wp","href":"https:\/\/api.w.org\/{rel}","templated":true}]}}