{"id":257,"date":"2022-12-05T08:46:58","date_gmt":"2022-12-05T07:46:58","guid":{"rendered":"https:\/\/yumyum-records.com\/?post_type=product&#038;p=257"},"modified":"2025-10-28T20:52:20","modified_gmt":"2025-10-28T19:52:20","slug":"cocoon-question-mark","status":"publish","type":"product","link":"https:\/\/yumyum-records.com\/fr\/produit\/cocoon-question-mark\/","title":{"rendered":"Cocoon &#8211; Question Mark (Limited Edition Signed EP)"},"content":{"rendered":"<p>Vinyl 45t<\/p>\n<p>Num\u00e9rot\u00e9 &#8211; sign\u00e9<\/p>","protected":false},"excerpt":{"rendered":"<p>Vinyl 45t Num\u00e9rot\u00e9 &#8211; sign\u00e9<\/p>\n","protected":false},"featured_media":258,"template":"","meta":[],"product_brand":[],"product_cat":[17],"product_tag":[],"class_list":{"0":"post-257","1":"product","2":"type-product","3":"status-publish","4":"has-post-thumbnail","6":"product_cat-vinyle","8":"first","9":"instock","10":"taxable","11":"shipping-taxable","12":"purchasable","13":"product-type-simple"},"acf":[],"_links":{"self":[{"href":"https:\/\/yumyum-records.com\/fr\/wp-json\/wp\/v2\/product\/257","targetHints":{"allow":["GET"]}}],"collection":[{"href":"https:\/\/yumyum-records.com\/fr\/wp-json\/wp\/v2\/product"}],"about":[{"href":"https:\/\/yumyum-records.com\/fr\/wp-json\/wp\/v2\/types\/product"}],"wp:featuredmedia":[{"embeddable":true,"href":"https:\/\/yumyum-records.com\/fr\/wp-json\/wp\/v2\/media\/258"}],"wp:attachment":[{"href":"https:\/\/yumyum-records.com\/fr\/wp-json\/wp\/v2\/media?parent=257"}],"wp:term":[{"taxonomy":"product_brand","embeddable":true,"href":"https:\/\/yumyum-records.com\/fr\/wp-json\/wp\/v2\/product_brand?post=257"},{"taxonomy":"product_cat","embeddable":true,"href":"https:\/\/yumyum-records.com\/fr\/wp-json\/wp\/v2\/product_cat?post=257"},{"taxonomy":"product_tag","embeddable":true,"href":"https:\/\/yumyum-records.com\/fr\/wp-json\/wp\/v2\/product_tag?post=257"}],"curies":[{"name":"wp","href":"https:\/\/api.w.org\/{rel}","templated":true}]}}